  {"id":1035,"date":"2021-06-14T11:20:22","date_gmt":"2021-06-14T04:20:22","guid":{"rendered":"\/?post_type=product&#038;p=1035"},"modified":"2025-03-14T15:40:03","modified_gmt":"2025-03-14T08:40:03","slug":"go-de-gai-beech","status":"publish","type":"product","link":"\/?product=go-de-gai-beech","title":{"rendered":"G\u1ed7 D\u1ebb Gai (Beech)"},"content":{"rendered":"<p>G\u1ed7 d\u1ebb gai c\u00f3 t\u00ean khoa h\u1ecdc l\u00e0: Fagus Grandifolia v\u00e0 t\u00ean Ti\u1ebfng Anh l\u00e0 American Beech ho\u1eb7c European Beech.<\/p>\n<p><a href=\"\/?attachment_id=1037\" rel=\"attachment wp-att-1037\"><img decoding=\"async\" loading=\"lazy\" class=\"alignnone size-large wp-image-1037\" src=\"\/wp-content\/uploads\/2021\/06\/Beech-xe-578x770.jpg\" alt=\"\" width=\"578\" height=\"770\" srcset=\"\/wp-content\/uploads\/2021\/06\/Beech-xe-578x770.jpg 578w, \/wp-content\/uploads\/2021\/06\/Beech-xe-768x1024.jpg 768w, \/wp-content\/uploads\/2021\/06\/Beech-xe.jpg 900w\" sizes=\"(max-width: 578px) 100vw, 578px\" \/><\/a><\/p>\n<p>G\u1ed7 nh\u00ecn chung c\u00f3 d\u00e1t g\u1ed7 m\u00e0u tr\u1eafng pha \u0111\u1ecf, t\u00e2m g\u1ed7 c\u00f3 m\u00e0u t\u1eeb n\u00e2u nh\u1ea1t \u0111\u1ebfn n\u00e2u \u0111\u1ecf s\u1eadm. M\u00e0u s\u1eafc c\u1ee7a g\u1ed7 gi\u1ebb gai nh\u00ecn chung ph\u1ee5 thu\u1ed9c v\u00e0o v\u00f9ng \u0111\u1ecba l\u00fd n\u01a1i khai th\u00e1c s\u1ebd c\u00f3 m\u00e0u kh\u00e1c nhau. N\u1ebfu g\u1ed7 d\u1ebb gai \u0111\u01b0\u1ee3c khai th\u00e1c t\u1eeb Hoa K\u1ef3 th\u01b0\u1eddng c\u00f3 xu h\u01b0\u1edbng h\u01a1i s\u1eadm m\u00e0u h\u01a1n v\u00e0 kh\u00f4ng \u0111\u1ed3ng nh\u1ea5t v\u1ec1 m\u00e0u s\u1eafc so v\u1edbi g\u1ed7 c\u00f3 xu\u1ea5t x\u1ee9 t\u1eeb Ch\u00e2u \u00c2u. V\u00e2n g\u1ed7 nh\u00ecn chung l\u00e0 th\u1eb3ng, b\u1ec1 m\u1eb7t g\u1ed7 \u0111\u1ec1u, kh\u00edt.<\/p>\n<p><a href=\"\/?attachment_id=355\" rel=\"attachment wp-att-355\"><img decoding=\"async\" loading=\"lazy\" class=\"alignnone size-large wp-image-355\" src=\"\/wp-content\/uploads\/2017\/03\/go-beech-go-de-gai-2-770x577.jpg\" alt=\"\" width=\"770\" height=\"577\" srcset=\"\/wp-content\/uploads\/2017\/03\/go-beech-go-de-gai-2-770x577.jpg 770w, \/wp-content\/uploads\/2017\/03\/go-beech-go-de-gai-2-768x576.jpg 768w, \/wp-content\/uploads\/2017\/03\/go-beech-go-de-gai-2.jpg 959w\" sizes=\"(max-width: 770px) 100vw, 770px\" \/><\/a><\/p>\n<p>M\u00e0u s\u1eafc g\u1ed7 d\u1ebb gai c\u00f2n do \u0111\u1eb7c t\u00ednh l\u00fd h\u1ecdc s\u1ebd ph\u1ee5 thu\u1ed9c v\u00e0o k\u1ef9 thu\u1eadt x\u1eed l\u00fd tr\u01b0\u1edbc khi \u0111\u01b0a v\u00e0o l\u00f2 s\u1ea5y. N\u1ebfu mu\u1ed1n g\u1ed7 co m\u00e0u s\u1eadm h\u01a1n th\u00ec s\u1ebd h\u1ea5p g\u1ed7 v\u1edbi th\u1eddi gian l\u00e2u h\u01a1n s\u1ebd cho ra m\u00e0u \u0111\u1ecf s\u1eadm v\u00e0 \u0111\u1ed3ng \u0111\u1ec1u, c\u00f2n n\u1ebfu mu\u1ed1n g\u1ed7 c\u00f3 m\u00e0u s\u00e1ng, tr\u1eafng h\u01a1n th\u00ec kh\u00f4ng c\u1ea7n h\u1ea5p g\u1ed7 trong qu\u00e1 tr\u00ecnh s\u1ea5y th\u00ec g\u1ed7 s\u1ebd cho ra m\u00e0u s\u1eafc s\u00e1ng, tr\u1eafng.<\/p>\n<p><a href=\"\/?attachment_id=1036\" rel=\"attachment wp-att-1036\"><img decoding=\"async\" loading=\"lazy\" class=\"alignnone size-large wp-image-1036\" src=\"\/wp-content\/uploads\/2021\/06\/beech-edged-770x578.jpg\" alt=\"\" width=\"770\" height=\"578\" srcset=\"\/wp-content\/uploads\/2021\/06\/beech-edged-770x578.jpg 770w, \/wp-content\/uploads\/2021\/06\/beech-edged-768x576.jpg 768w, \/wp-content\/uploads\/2021\/06\/beech-edged.jpg 1024w\" sizes=\"(max-width: 770px) 100vw, 770px\" \/><\/a><\/p>\n<p>\u0110\u1eb7c t\u00ednh: \u0110\u00e2y l\u00e0 lo\u1ea1i g\u1ed7 n\u1eb7ng, c\u1ee9ng, ch\u1eafc, c\u00f3 kh\u1ea3 n\u0103ng kh\u00e1ng va ch\u1ea1m cao, th\u00edch h\u1ee3p cho vi\u1ec7c u\u1ed1ng cong b\u1eb1ng h\u01a1i n\u01b0\u1edbc. G\u1ed7 d\u1ebb gai c\u0169ng d\u1ec5 \u0111\u1ebbo g\u1ecdt b\u1eb1ng h\u1ea7u h\u1ebft c\u00e1c d\u1ee5ng c\u1ee5 c\u1ea7m tay v\u00e0 m\u00e1y m\u1ed1c. \u0110\u1ed9 b\u00e1m \u0111inh v\u00e0 d\u00ednh keo t\u1ed1t, c\u00f3 th\u1ec3 nhu\u1ed9m v\u00e0 \u0111\u00e1nh b\u00f3ng \u0111\u1ec3 cho th\u00e0nh ph\u1ea9m t\u1ed1t. G\u1ed7 kh\u00f4 t\u01b0\u01a1ng \u0111\u1ed1i nhanh nh\u01b0ng c\u00f3 nguy c\u01a1 cong v\u00eanh v\u00e0 r\u1ea1n n\u1ee9t tr\u00ean b\u1ec1 m\u1eb7t cao. \u0110\u1ed9 co r\u00fat l\u1edbn, kh\u1ea3 n\u0103ng thay \u0111\u1ed5i h\u00ecnh d\u1ea1ng khi s\u1eed d\u1ee5ng l\u00e0 trung b\u00ecnh. g\u1ed7 d\u1ec5 th\u1ea5m ch\u1ea5t b\u1ea3o qu\u1ea3n, t\u00e2m g\u1ed7 kh\u00f4ng c\u00f3 kh\u1ea3 n\u0103ng kh\u00e1ng s\u00e2u n\u00ean \u0111\u1ed9 b\u1ec1n tu\u1ed5i th\u1ecd trung b\u00ecnh.<\/p>\n<p><a href=\"\/?attachment_id=1038\" rel=\"attachment wp-att-1038\"><img decoding=\"async\" loading=\"lazy\" class=\"alignnone size-large wp-image-1038\" src=\"\/wp-content\/uploads\/2021\/06\/beech-770x577.jpg\" alt=\"\" width=\"770\" height=\"577\" srcset=\"\/wp-content\/uploads\/2021\/06\/beech-770x577.jpg 770w, \/wp-content\/uploads\/2021\/06\/beech-768x576.jpg 768w, \/wp-content\/uploads\/2021\/06\/beech.jpg 959w\" sizes=\"(max-width: 770px) 100vw, 770px\" \/><\/a> <a href=\"\/?attachment_id=1039\" rel=\"attachment wp-att-1039\"><img decoding=\"async\" loading=\"lazy\" class=\"alignnone size-large wp-image-1039\" src=\"\/wp-content\/uploads\/2021\/06\/beechh-578x770.jpg\" alt=\"\" width=\"578\" height=\"770\" srcset=\"\/wp-content\/uploads\/2021\/06\/beechh-578x770.jpg 578w, \/wp-content\/uploads\/2021\/06\/beechh.jpg 768w\" sizes=\"(max-width: 578px) 100vw, 578px\" \/><\/a><\/p>\n<p>C\u00f4ng d\u1ee5ng ch\u00ednh: G\u1ed7 d\u1ebb gai \u0111\u01b0\u1ee3c s\u1eed d\u1ee5ng trong h\u1ea7u h\u1ebft c\u00e1c s\u1ea3n ph\u1ea9m n\u1ed9i th\u1ea5t \u0111\u1ed3 g\u1ed7 nh\u01b0: c\u1eeda, v\u00e1n s\u00e0n, g\u1ed7 ch\u1ea1m n\u1ed9i th\u1ea5t, v\u00e1n l\u00f3t \u00f3p, g\u1ed7 ti\u1ec7n, th\u00edch h\u1ee3p l\u00e0m th\u00f9ng ch\u1ee9a th\u1ef1c ph\u1ea9m v\u00ec g\u1ed7 kh\u00f4ng c\u00f3 m\u00f9i.<\/p>\n<p>N\u1ebfu qu\u00fd kh\u00e1ch \u0111ang c\u00f3 nhu c\u1ea7u mua g\u1ed7 D\u1ebb gai gi\u00e1 t\u1ed1t, ch\u1ea5t l\u01b0\u1ee3ng th\u00ec h\u00e3y li\u00ean h\u1ec7 tr\u1ef1c ti\u1ebfp v\u1edbi G\u1ed7 Vi\u1ec7t M\u1ef9 qua s\u1ed1 hotline \u0111\u1ec3 nh\u1eadn t\u01b0 v\u1ea5n th\u00f4ng tin chi ti\u1ebft<\/p>\n","protected":false},"excerpt":{"rendered":"<p>G\u1ed7 d\u1ebb gai (Beech) \u0111\u01b0\u1ee3c ph\u00e2n b\u1ed1 kh\u1eafp v\u00f9ng \u0110\u00f4ng Hoa K\u1ef3, v\u00e0 kh\u1eafp c\u00e1c n\u01b0\u1edbc Ch\u00e2u \u00c2u nh\u01b0: \u00c1o, \u0110\u1ee9c, Ph\u00e1p, B\u1ec9, Croatia, Ukcraina, Th\u1ed5 Nh\u1ec9 K\u1ef3,&#8230; C\u00f3 gi\u1edbi h\u1ea1n \u0111\u1ed1i v\u1edbi kh\u1ed1i l\u01b0\u1ee3ng s\u1ea3n xu\u1ea5t, c\u1ea5p h\u1ea1ng cao h\u01a1n v\u00e0 g\u1ed7 c\u0169ng c\u00f3 quy c\u00e1ch d\u00e0y h\u01a1n.<\/p>\n<p>Quy c\u00e1ch: 22mm, 32mm, 38mm, 50mm<\/p>\n<p>Ch\u1ea5t l\u01b0\u1ee3ng: AB, ABC, Classic, C-Plus<\/p>\n","protected":false},"featured_media":1038,"comment_status":"open","ping_status":"closed","template":"","meta":[],"_links":{"self":[{"href":"\/index.php?rest_route=\/wp\/v2\/product\/1035"}],"collection":[{"href":"\/index.php?rest_route=\/wp\/v2\/product"}],"about":[{"href":"\/index.php?rest_route=\/wp\/v2\/types\/product"}],"replies":[{"embeddable":true,"href":"\/index.php?rest_route=%2Fwp%2Fv2%2Fcomments&post=1035"}],"wp:featuredmedia":[{"embeddable":true,"href":"\/index.php?rest_route=\/wp\/v2\/media\/1038"}],"wp:attachment":[{"href":"\/index.php?rest_route=%2Fwp%2Fv2%2Fmedia&parent=1035"}],"curies":[{"name":"wp","href":"https:\/\/api.w.org\/{rel}","templated":true}]}}