  {"id":1094,"date":"2026-05-08T15:31:16","date_gmt":"2026-05-08T08:31:16","guid":{"rendered":"\/?post_type=product&#038;p=1094"},"modified":"2026-05-08T16:28:20","modified_gmt":"2026-05-08T09:28:20","slug":"1094","status":"publish","type":"product","link":"\/?product=1094","title":{"rendered":"C\u00c1C QUY C\u00c1CH X\u1eba G\u1ed6 (PLAIN SAWN, RIFT SAWN, QUARTER SAWN, LIVE SAWN)"},"content":{"rendered":"","protected":false},"excerpt":{"rendered":"<div class=\"xdj266r x14z9mp xat24cr x1lziwak x1vvkbs x126k92a\">\n<div dir=\"auto\">C\u00f3 nhi\u1ec1u anh ch\u1ecb kh\u00e1ch h\u00e0ng th\u1eafc m\u1eafc t\u1ea1i sao c\u00f9ng lo\u1ea1i g\u1ed7 s\u1ed3i tr\u1eafng nh\u01b0ng nh\u00ecn c\u00f3 \u0111\u01b0\u1eddng v\u00e2n kh\u00e1c nhau? C\u00f3 lo\u1ea1i b\u1ecb c\u01b0\u1eddm s\u00e1ng b\u00f3ng nh\u01b0 \u00e1nh b\u1ea1c hay s\u1ecdc l\u1ee5a? C\u00f3 lo\u1ea1i c\u00f3 v\u00e2n h\u00ecnh v\u00f2m (v\u00e2n n\u00fai) l\u1ea1i c\u00f3 lo\u1ea1i h\u00ecnh v\u00e2n th\u1eb3ng \u0111\u1ec1u? C\u00f3 s\u1ef1 kh\u00e1c bi\u1ec7t n\u00e0y l\u00e0 do ch\u1ee7 \u00fd \u1edf k\u1ef9 thu\u1eadt c\u01b0a x\u1ebb g\u1ed7 v\u00e0 chi\u1ebfn l\u01b0\u1ee3c c\u1ee7a t\u1eebng nh\u00e0 cung c\u1ea5p c\u0169ng nh\u01b0 \u0111\u00e1p \u1ee9ng y\u00eau c\u1ea7u c\u1ee7a t\u1eebng ph\u00e2n kh\u00fac th\u1ecb tr\u01b0\u1eddng v\u00e0 th\u1ea9m m\u1ef9 c\u1ee7a t\u1eebng kh\u00e1ch h\u00e0ng. Vi\u1ec7t M\u1ef9 n\u00f3i r\u00f5 h\u01a1n t\u1eebng c\u00e1ch x\u1ebb \u0111\u1ec3 c\u00f3 th\u00eam m\u1ed9t k\u00eanh tham kh\u1ea3o gi\u00fap qu\u00fd kh\u00e1ch h\u00e0ng c\u00f3 th\u00eam nhi\u1ec1u l\u1ef1a ch\u1ecdn ngu\u1ed3n nguy\u00ean li\u1ec7u ph\u00f9 h\u1ee3p nh\u1ea5t v\u1edbi y\u00eau c\u1ea7u s\u1ea3n ph\u1ea9m c\u1ee7a m\u00ecnh \u0111\u1ec3 gia t\u0103ng t\u1ed1i \u0111a l\u1ee3i \u00edch:<\/div>\n<div dir=\"auto\">1. X\u1ebb Plain sawn (x\u1ebb th\u00f4ng th\u01b0\u1eddng): L\u00e0 c\u00e1ch x\u1ebb song song qua th\u00e2n g\u1ed7 t\u1eeb ngo\u00e0i v\u00e0o t\u00e2m, kh\u00f4ng xoay chi\u1ec1u theo c\u00e1ch \u0111\u01a1n gi\u1ea3n v\u00e0 t\u1ed1i \u01b0u s\u1ea3n l\u01b0\u1ee3ng nh\u1ea5t. \u0110\u00e2y l\u00e0 c\u00e1ch x\u1ebb ph\u1ed5 bi\u1ebfn nh\u1ea5t, t\u1ea1o ra v\u00e2n g\u1ed7 \u0111a d\u1ea1ng h\u00ecnh v\u00f2m, r\u1ed9ng, m\u1eb7t g\u1ed7 r\u1ed9ng d\u1ec5 t\u00ecm, gi\u00e1 th\u00e0nh r\u1ebb n\u00ean \u0111\u00e2y l\u00e0 c\u00e1ch x\u1ebb ph\u1ed5 bi\u1ebfn v\u00e0 \u01b0a chu\u1ed9ng nh\u1ea5t tr\u00ean th\u1ebf gi\u1edbi v\u00e0 t\u1ea1i VN, ph\u00f9 h\u1ee3p cho s\u1ea3n ph\u1ea9m n\u1ed9i th\u1ea5t ph\u1ed5 th\u00f4ng, truy\u1ec1n th\u1ed1ng: b\u00e0n gh\u1ebf, gi\u01b0\u1eddng, t\u1ee7, c\u1eeda, s\u00e0n g\u1ed7,&#8230; Tuy nhi\u00ean, x\u1ebb theo c\u00e1ch n\u00e0y g\u1ed7 s\u1ebd v\u00e0 s\u1ea3n ph\u1ea9m sau ho\u00e0n th\u00e0nh s\u1ebd d\u1ec5 b\u1ecb co ng\u00f3t v\u00e0 cong v\u00eanh n\u00ean vi\u1ec7c b\u1ea3o tr\u00ec v\u00e0 s\u1eefa l\u1ed7i c\u1ee7a s\u1ea3n ph\u1ea9m khi \u0111\u1ebfn tay kh\u00e1ch h\u00e0ng l\u00e0 vi\u1ec7c kh\u00f4ng th\u1ec3 tr\u00e1nh kh\u1ecfi.<\/div>\n<div dir=\"auto\">2. X\u1ebb Quarter Sawn (X\u1ebb t\u1ee9 ph\u00e2n): L\u00e0 k\u1ef9 thu\u1eadt x\u1ebb th\u00e2n g\u1ed7 th\u00e0nh 4 ph\u1ea7n t\u01b0 tr\u01b0\u1edbc, sau \u0111\u00f3 x\u1ebb theo g\u00f3c 60-90 \u0111\u1ed9 so v\u1edbi v\u00f2ng sinh tr\u01b0\u1edfng c\u1ee7a c\u00e2y g\u1ed7. \u0110\u00e2y l\u00e0 c\u00e1ch x\u1ebb y\u00eau c\u1ea7u ng\u01b0\u1eddi th\u1ee3 ph\u1ea3i ch\u00fa \u00fd xoay th\u00e2n g\u1ed7 theo g\u1ed7 nghi\u00eang \u0111\u1ec3 t\u1ea1o ra v\u00e2n g\u1ed7 th\u1eb3ng k\u00e8m theo nhi\u1ec1u tia g\u1ed7 n\u1ed7i b\u1eadt s\u00e1ng b\u00f3ng \u2013 \u0111\u1ed1m s\u00e1ng, t\u1ea1o hi\u1ec7u \u1ee9ng \u00e1nh kim, hoa v\u0103n sang tr\u1ecdng \u0111\u1eb9p m\u1eaft c\u1ee7a g\u1ed7 (V\u1ec7t c\u01b0\u1eddm- Ray pleck), ph\u00f9 h\u1ee3p c\u00e1c s\u1ea3n ph\u1ea9m n\u1ed9i th\u1ea5t cao c\u1ea5p, s\u00e0n g\u1ed7 cao c\u1ea5p t\u1ea1i M\u1ef9 v\u00e0 EU do b\u1ec1 m\u1eb7t c\u1ee9ng h\u01a1n, ch\u1ecbu l\u1ef1c t\u1ed1t h\u01a1n, s\u1ef1 \u1ed5n \u0111\u1ecbnh cao, \u00edt co ng\u00f3t, ch\u00f3ng cong v\u00eanh n\u00ean c\u0169ng ph\u00f9 h\u1ee3p c\u00e1c v\u00f9ng kh\u00ed h\u1eadu n\u00f3ng \u1ea9m nh\u01b0 VN. Tuy nhi\u00ean, gi\u00e1 th\u00e0nh th\u00ec cao h\u01a1n m\u1ed9t ch\u00fat so v\u1edbi c\u00e1ch x\u1ebb plain sawn v\u00e0 b\u1ea3ng r\u1ed9ng nh\u1ecf h\u01a1n.<\/div>\n<\/div>\n<div class=\"x14z9mp xat24cr x1lziwak x1vvkbs xtlvy1s x126k92a\">\n<div dir=\"auto\">3. X\u1ebb Rift Sawn (X\u1ebb Th\u1eb3ng): L\u00e0 c\u00e1ch x\u1ebb g\u00f3c 30-60 \u0111\u1ed9 so v\u1edbi v\u00f2ng sinh tr\u01b0\u1edfng nh\u1eb1m t\u1ea1o ra v\u00e2n g\u1ed7 th\u1eb3ng v\u00e0 d\u00e0i, b\u1ec1 m\u1eb7t \u0111\u1ed3ng nh\u1ea5t, \u00edt hoa v\u0103n, \u0111\u1eb7c bi\u1ec7t kh\u00f4ng c\u00f3 v\u1ec7t s\u00e1ng b\u00f3ng, \u0111\u1ed1m s\u00e1ng (kh\u00f4ng b\u1ecb d\u00ednh C\u01b0\u1eddm-ray pleck). \u0110\u00e2y l\u00e0 c\u00e1ch x\u1ebb y\u00eau c\u1ea7u k\u1ef9 thu\u1eadt cao nh\u1ea5t, ph\u00f9 h\u1ee3p cho c\u00e1c s\u1ea3n ph\u1ea9m n\u1ed9i th\u1ea5t cao c\u1ea5p nh\u01b0: C\u1eeda l\u1edbn, c\u00e1nh t\u1ee7 l\u1edbn, t\u1ee7 b\u1ebfp cao c\u1ea5p v\u00e0 c\u00e1c d\u00f2ng s\u1ea3n ph\u1ea9m c\u00f3 thi\u1ebft k\u1ebf tinh t\u1ebf, t\u1ed1i gi\u1ea3n nh\u01b0ng sang tr\u1ecdng v\u00e0 hi\u1ec7n \u0111\u1ea1i, y\u00eau c\u1ea7u th\u1ea9m m\u1ef9 v\u1ebb \u0111\u1eb9p \u0111\u1ed3ng nh\u1ea5t v\u1ec1 b\u1ec1 m\u1eb7t s\u1ea3n ph\u1ea9m, v\u1ec1 v\u00e2n g\u1ed7 do \u0111\u1ed9 c\u1ee9ng \u0111\u01b0\u1ee3c t\u1ed1i \u0111a, \u00edt cong v\u00eanh, \u00edt co ng\u00f3t, \u00edt xo\u1eafn g\u1ed7. C\u00e1ch x\u1ebb n\u00e0y s\u1ebd gi\u00fap ch\u00fang ta d\u1ec5 ph\u1ed1i m\u00e0u cho s\u1ea3n ph\u1ea9m, d\u1ec5 gh\u00e9p panel c\u1ea7n m\u1eb7t r\u1ed9ng l\u1edbn. Tuy nhi\u00ean, b\u1ea3n r\u1ed9ng nh\u1ecf v\u00e0 gi\u00e1 th\u00e0nh th\u01b0\u1eddng cao nh\u1ea5t trong t\u1ea5t c\u1ea3 c\u00e1c c\u00e1ch x\u1ebb do c\u00e1c \u01b0u \u0111i\u1ec3m tuy\u1ec7t \u0111\u1ed1i m\u00e0 n\u00f3 mang l\u1ea1i.<\/div>\n<\/div>\n<div class=\"x14z9mp xat24cr x1lziwak x1vvkbs xtlvy1s x126k92a\">\n<div dir=\"auto\">4. Live Sawn (X\u1ebb s\u1ed1ng): L\u00e0 c\u00e1ch x\u1ebb li\u00ean t\u1ee5c qua th\u00e2n g\u1ed7 m\u00e0 kh\u00f4ng xoay c\u00e2y g\u1ed7, t\u1ea1o ra v\u00e2n g\u1ed7 t\u1ef1 nhi\u00ean h\u1ed7n h\u1ee3p c\u1ee7a 3 c\u00e1ch x\u1ebb tr\u00ean trong m\u1ed9t t\u1ea5m v\u00e1n sau khi x\u1ebb. \u0110\u00e2y l\u00e0 c\u00e1ch x\u1ebb truy\u1ec1n th\u1ed1ng \u1edf Ch\u00e2u \u00c2u (x\u1ebb c\u00e0ng kh\u00f4ng rong v\u1ecf), t\u1ea1o ra nh\u1eefng thanh g\u1ed7 c\u00f3 m\u1eb7t r\u1ed9ng l\u1edbn , ph\u00f9 h\u1ee3p cho c\u00e1c s\u1ea3n ph\u1ea9m n\u1ed9i th\u1ea5t ph\u1ed5 th\u00f4ng, th\u1ea9m m\u1ef9 ngh\u1ec7 thu\u1eadt, kh\u00f4ng y\u00eau c\u1ea7u v\u1ec1 \u0111\u1ed9 \u1ed5n \u0111\u1ecbnh cao. Gi\u00e1 th\u00e0nh t\u01b0\u01a1ng \u0111\u1ed1i trung b\u00ecnh do kh\u00f4ng \u0111\u1ed3ng \u0111\u1ec1u v\u1ec1 m\u00e0u s\u1eafc, v\u00e2n g\u1ed7, d\u1ec5 b\u1ecb cong v\u00eanh v\u00e0 co ng\u00f3t.<\/div>\n<div dir=\"auto\">\u00a0<\/div>\n<\/div>\n","protected":false},"featured_media":1095,"comment_status":"open","ping_status":"closed","template":"","meta":[],"_links":{"self":[{"href":"\/index.php?rest_route=\/wp\/v2\/product\/1094"}],"collection":[{"href":"\/index.php?rest_route=\/wp\/v2\/product"}],"about":[{"href":"\/index.php?rest_route=\/wp\/v2\/types\/product"}],"replies":[{"embeddable":true,"href":"\/index.php?rest_route=%2Fwp%2Fv2%2Fcomments&post=1094"}],"wp:featuredmedia":[{"embeddable":true,"href":"\/index.php?rest_route=\/wp\/v2\/media\/1095"}],"wp:attachment":[{"href":"\/index.php?rest_route=%2Fwp%2Fv2%2Fmedia&parent=1094"}],"curies":[{"name":"wp","href":"https:\/\/api.w.org\/{rel}","templated":true}]}}