  {"id":587,"date":"2017-12-27T14:13:04","date_gmt":"2017-12-27T07:13:04","guid":{"rendered":"http:\/\/localhost\/vietmywood\/?post_type=product&#038;p=587"},"modified":"2018-03-11T00:40:06","modified_gmt":"2018-03-10T17:40:06","slug":"go-tan-bi-tron-white-ash-logs","status":"publish","type":"product","link":"\/?product=go-tan-bi-tron-white-ash-logs","title":{"rendered":"G\u1ed7 t\u1ea7n b\u00ec tr\u00f2n (White Ash Logs)"},"content":{"rendered":"<p>G\u1ed7 t\u1ea7n b\u00ec hay c\u00f2n g\u1ecdi l\u00e0 g\u1ed7 Ash \u0111\u01b0\u1ee3c nh\u1eadp kh\u1ea9u t\u1eeb M\u1ef9, Ch\u00e2u \u00c2u c\u00f3 m\u00e0u t\u1eeb nh\u1ea1t \u0111\u1ebfn g\u1ea7n nh\u01b0 tr\u1eafng, t\u00e2m g\u1ed7 c\u00f3 m\u00e0u s\u1eafc \u0111a d\u1ea1ng, t\u1eeb n\u00e2u x\u00e1m \u0111\u1ebfn n\u00e2u nh\u1ea1t ho\u1eb7c v\u00e0ng nh\u1ea1t. G\u1ed7 th\u01b0\u1eddng c\u00f3 th\u1edb th\u1eb3ng v\u00e0 v\u00e2n g\u1ed7 \u0111\u1ed3ng d\u1ea1ng. G\u1ed7 t\u1ea7n b\u00ec nh\u1eb9 nh\u01b0ng r\u1ea5t b\u1ec1n, dai, c\u1ee9ng v\u00e0 kh\u1ecfe.<\/p>\n<p><img decoding=\"async\" class=\"aligncenter\" src=\"https:\/\/i2.wp.com\/pic.trangvangvietnam.com\/39552189\/go%20de%20gai%20tron.jpg?w=1060\" alt=\"H\u00ecnh \u1ea3nh c\u00f3 li\u00ean quan\" data-recalc-dims=\"1\" \/><\/p>\n<p>G\u1ed7 t\u1ea7n b\u00ec (g\u1ed7 ash) c\u00f3 kh\u1ea3 n\u0103ng ch\u1ecbu m\u00e1y t\u1ed1t, \u0111\u1ed9 b\u00e1m \u1ed1c, b\u00e1m \u0111inh v\u00e0 d\u00ednh keo cao, d\u00ea\u0303 nhu\u1ed9m m\u00e0u v\u00e0 \u0111\u00e1nh b\u00f3ng. T\u1ea7n b\u00ec t\u01b0\u01a1ng \u0111\u1ed1i d\u1ec5 l\u00e0m kh\u00f4. G\u1ed7 \u00edt b\u1ecb bi\u1ebfn d\u1ea1ng khi s\u1ea5y.<\/p>\n<p>\u1ed7 t\u1ea7n b\u00ec c\u00f3 kh\u1ea3 n\u0103ng ch\u1ecbu l\u1ef1c t\u1ed5ng th\u1ec3 r\u1ea5t t\u1ed1t v\u00e0 kh\u1ea3 n\u0103ng n\u00e0y t\u01b0\u01a1ng \u1ee9ng v\u1edbi tr\u1ecdng l\u01b0\u1ee3ng c\u1ee7a g\u1ed7. \u0110\u1ed9 kh\u00e1ng va ch\u1ea1m c\u1ee7a t\u1ea7n b\u00ec thu\u1ed9c lo\u1ea1i tuy\u1ec7t v\u1eddi, g\u1ed7 d\u1ec5 u\u1ed1n cong b\u1eb1ng h\u01a1i n\u01b0\u1edbc.<\/p>\n<p><img decoding=\"async\" class=\"aligncenter\" src=\"https:\/\/i2.wp.com\/www.biv.com\/media\/filer_public_thumbnails\/filer_public\/5c\/f5\/5cf5ff4f-f415-4ac4-b756-d68113d0951a\/gv_20120816_biv0105_120819948.jpg__0x500_q95_autocrop_crop-smart_subsampling-2_upscale.jpg?w=1060&#038;ssl=1\" alt=\"H\u00ecnh \u1ea3nh c\u00f3 li\u00ean quan\" data-recalc-dims=\"1\" \/><\/p>\n<p>T\u00e2m g\u1ed7 kh\u00f4ng c\u00f3 kh\u1ea3 n\u0103ng kh\u00e1ng s\u00e2u. D\u00e1t g\u1ed7 d\u1ec5 b\u1ecb c\u00e1c lo\u1ea1i m\u1ecdt g\u1ed7 th\u00f4ng th\u01b0\u1eddng t\u1ea5n c\u00f4ng. T\u00e2m g\u1ed7 t\u01b0\u01a1ng \u0111\u1ed1i kh\u00f4ng th\u1ea5m ch\u1ea5t b\u1ea3o qu\u1ea3n nh\u01b0ng d\u00e1t g\u1ed7 c\u00f3 th\u1ec3 th\u1ea5m ch\u1ea5t n\u00e0y.<br \/>\nG\u1ed7 t\u1ea7n b\u00ec \u0111\u01b0\u1ee3c d\u00f9ng \u0111\u1ec3 s\u1ea3n xu\u1ea5t \u0111\u1ed3 g\u1ed7, c\u1eeda, t\u1ee7, chi ti\u1ebft g\u1ed7 c\u0169ng nh\u01b0 d\u1ee5ng c\u1ee5 th\u1ec3 thao v\u00e0 chi ti\u1ebft c\u1ee7a c\u00e1c d\u1ee5ng c\u1ee5 l\u00e0m vi\u1ec7c. Kh\u00e1ch h\u00e0ng c\u00f3 th\u1ec3 \u0111\u00e1nh b\u00f3ng \u0111\u1ec3 chi ti\u1ebft tr\u00f4ng sang tr\u1ecdng ho\u1eb7c s\u1eed d\u1ee5ng s\u01a1n, keo d\u00e1n \u0111\u1ec3 ho\u00e0n thi\u1ec7n t\u00f9y theo s\u1edf th\u00edch.\u00a0 G\u1ed7 t\u1ea7n b\u00ec d\u1ec5 gia c\u00f4ng v\u00e0 b\u1eaft s\u01a1n.\u00a0 G\u1ed7 kh\u00f4 nhanh v\u00e0 kh\u00f4ng b\u1ecb m\u1ea5t gi\u00e1 tr\u1ecb, c\u0169ng nh\u01b0 bi\u1ebfn d\u1ea1ng r\u1ea5t \u00edt.<\/p>\n<p>B\u1ea1n c\u1ea7n g\u1ed7 t\u1ea7n b\u00ec nguy\u00ean li\u1ec7u x\u1ebb s\u1ea5y nh\u1eadp kh\u1ea9u t\u1eeb M\u1ef9,Ch\u00e2u \u00c2u h\u00e3y li\u00ean l\u1ea1c ngay v\u1edbi ch\u00fang t\u00f4i \u0111\u1ec3 c\u00f3 gi\u00e1 g\u1ed7 t\u1ed1t, ngu\u1ed3n cung \u1ed5n \u0111\u1ecbnh.<\/p>\n","protected":false},"excerpt":{"rendered":"<p>G\u1ed7 t\u1ea7n b\u00ec hay c\u00f2n g\u1ecdi l\u00e0 g\u1ed7 Ash \u0111\u01b0\u1ee3c nh\u1eadp kh\u1ea9u t\u1eeb M\u1ef9, Ch\u00e2u \u00c2u c\u00f3 m\u00e0u t\u1eeb nh\u1ea1t \u0111\u1ebfn g\u1ea7n nh\u01b0 tr\u1eafng, t\u00e2m g\u1ed7 c\u00f3 m\u00e0u s\u1eafc \u0111a d\u1ea1ng, t\u1eeb n\u00e2u x\u00e1m \u0111\u1ebfn n\u00e2u nh\u1ea1t ho\u1eb7c v\u00e0ng nh\u1ea1t. G\u1ed7 th\u01b0\u1eddng c\u00f3 th\u1edb th\u1eb3ng v\u00e0 v\u00e2n g\u1ed7 \u0111\u1ed3ng d\u1ea1ng. G\u1ed7 t\u1ea7n b\u00ec nh\u1eb9 nh\u01b0ng r\u1ea5t b\u1ec1n, dai, c\u1ee9ng v\u00e0 kh\u1ecfe. G\u1ed7 t\u1ea7n b\u00ec (g\u1ed7 ash) c\u00f3 kh\u1ea3 n\u0103ng ch\u1ecbu m\u00e1y t\u1ed1t, \u0111\u1ed9 b\u00e1m \u1ed1c, b\u00e1m \u0111inh v\u00e0 d\u00ednh keo cao, d\u00ea\u0303 nhu\u1ed9m m\u00e0u v\u00e0 \u0111\u00e1nh b\u00f3ng. T\u1ea7n b\u00ec t\u01b0\u01a1ng \u0111\u1ed1i d\u1ec5 l\u00e0m kh\u00f4. G\u1ed7 \u00edt b\u1ecb bi\u1ebfn d\u1ea1ng khi <\/p>\n","protected":false},"featured_media":918,"comment_status":"open","ping_status":"closed","template":"","meta":[],"_links":{"self":[{"href":"\/index.php?rest_route=\/wp\/v2\/product\/587"}],"collection":[{"href":"\/index.php?rest_route=\/wp\/v2\/product"}],"about":[{"href":"\/index.php?rest_route=\/wp\/v2\/types\/product"}],"replies":[{"embeddable":true,"href":"\/index.php?rest_route=%2Fwp%2Fv2%2Fcomments&post=587"}],"wp:featuredmedia":[{"embeddable":true,"href":"\/index.php?rest_route=\/wp\/v2\/media\/918"}],"wp:attachment":[{"href":"\/index.php?rest_route=%2Fwp%2Fv2%2Fmedia&parent=587"}],"curies":[{"name":"wp","href":"https:\/\/api.w.org\/{rel}","templated":true}]}}