  {"id":589,"date":"2017-12-27T14:16:03","date_gmt":"2017-12-27T07:16:03","guid":{"rendered":"http:\/\/localhost\/vietmywood\/?post_type=product&#038;p=589"},"modified":"2017-12-28T14:50:51","modified_gmt":"2017-12-28T07:50:51","slug":"go-thong-tron","status":"publish","type":"product","link":"\/?product=go-thong-tron","title":{"rendered":"G\u1ed7 Th\u00f4ng tr\u00f2n (Pine Logs)"},"content":{"rendered":"<p><strong>G\u00f4\u0303 th\u00f4ng<\/strong>\u00a0hi\u00ea\u0323n nay la\u0300 m\u00f4\u0323t trong nh\u01b0\u0303ng loa\u0323i g\u00f4\u0303 \u0111\u01b0\u01a1\u0323c s\u01b0\u0309 du\u0323ng kha\u0301 ph\u00f4\u0309 bi\u00ea\u0301n trong nga\u0300nh c\u00f4ng nghi\u00ea\u0323p ch\u00ea\u0301 bi\u00ea\u0301n g\u00f4\u0303. V\u01a1\u0301i nh\u01b0\u0303ng \u0111\u0103\u0323c ti\u0301nh th\u00f4ng du\u0323ng cu\u0309a m\u00f4\u0323t loa\u0323i g\u00f4\u0303 t\u00f4\u0301t thi\u0300\u00a0<strong><a href=\"http:\/\/cungcapgo.com\/go-thong\/\" target=\"_blank\" rel=\"noopener\">g\u00f4\u0303 th\u00f4ng<\/a><\/strong>\u00a0\u0111ang d\u00e2\u0300n co\u0301 m\u00f4\u0323t thi\u0323 tr\u01b0\u01a1\u0300ng kha\u0301 pha\u0301t tri\u00ea\u0309n.\u00a0La\u0300 m\u00f4\u0323t loa\u0323i c\u00e2y th\u00e2n g\u00f4\u0303 mo\u0323c th\u0103\u0309ng \u0111\u01b0\u0301ng, da\u0323i di\u00ea\u0323n cho vu\u0300ng \u0111\u00e2\u0301t \u00f4n \u0111\u01a1\u0301i, th\u00e2n\u00a0<strong>g\u00f4\u0303 th\u00f4ng to tro\u0300n<\/strong>\u00a0\u0111\u00ea\u0300u r\u00e2\u0301t thu\u00e2\u0323n ti\u00ea\u0323n cho vi\u00ea\u0323c c\u01b0a xe\u0309 va\u0300 \u0111\u01b0\u01a1\u0323c s\u01b0\u0309 du\u0323ng nhi\u00ea\u0300u trong vi\u00ea\u0323c sa\u0309n xu\u00e2\u0301t ca\u0301c lo\u0323a \u0111\u00f4\u0300 gia du\u0323ng t\u01b0\u0300 g\u00f4\u0303.<\/p>\n<h3>G\u1ed7 th\u00f4ng tr\u00f2n\u00a0nguy\u00ean li\u1ec7u<\/h3>\n<h2><strong>Nh\u1eefng \u01b0u \u0111i\u1ec3m c\u1ee7a g\u1ed7 th\u00f4ng.<\/strong><\/h2>\n<p>Ca\u0301c v\u00e2\u0323t du\u0323ng \u0111\u01b0\u01a1\u0323c la\u0300m t\u01b0\u0300\u00a0<strong>g\u00f4\u0303 th\u00f4ng th\u01b0\u01a1\u0300ng co\u0301 tro\u0323ng l\u01b0\u01a1\u0323ng nhe\u0323<\/strong>\u00a0va\u0300 i\u0301t bi\u0323 m\u00f4\u0301i mo\u0323t, vi\u0300 trong goc th\u00f4ng co\u0301 nh\u01b0\u0323a th\u00f4ng \u0111\u00e2y \u0111\u01b0\u01a1\u0323c xem nh\u01b0 la\u0300 m\u00f4\u0323t ch\u00e2\u0301t ba\u0309o qua\u0309n t\u01b0\u0323 nhi\u00ean cu\u0309a loa\u0323i g\u00f4\u0303 na\u0300y. n\u00ea\u0301u \u0111\u01b0\u01a1\u0323c ph\u00e2n bi\u00ea\u0301t d\u01b0\u0323a va\u0300o \u0111\u0103\u0323c \u0111i\u00ea\u0309m thi\u0300\u00a0<strong>c\u00e2y g\u00f4\u0303 th\u00f4ng<\/strong>\u00a0\u0111\u01b0\u01a1\u0323c \u0111\u01b0\u01a1\u0323c chia la\u0300m hai loa\u0323i la\u0300\u00a0<strong><a href=\"http:\/\/cungcapgo.com\/san-pham\/go-thong-trang\/\" target=\"_blank\" rel=\"noopener\">g\u00f4\u0303 th\u00f4ng tr\u0103\u0301ng<\/a><\/strong>\u00a0va\u0300\u00a0<strong>g\u00f4\u0303 th\u00f4ng va\u0300ng<\/strong>\u00a0nh\u01b0ng ph\u00f4\u0309 bi\u00ea\u0301n h\u01a1n h\u00ea\u0301t v\u00e2\u0303n la\u0300\u00a0<strong>g\u00f4\u0303 th\u00f4ng tr\u0103\u0301ng<\/strong>.<\/p>\n<p><img decoding=\"async\" class=\"aligncenter\" src=\"https:\/\/i0.wp.com\/goviet.org.vn\/upload\/aceweb\/content\/a20.jpg?w=1060\" alt=\"K\u1ebft qu\u1ea3 h\u00ecnh \u1ea3nh cho g\u1ed7 th\u00f4ng tr\u00f2n\" data-recalc-dims=\"1\" \/><\/p>\n<h3>G\u1ed7 th\u00f4ng nh\u1eadp kh\u1ea9u .<\/h3>\n<p><strong>G\u00f4\u0303 th\u00f4ng<\/strong>\u00a0trong n\u01b0\u01a1\u0301c th\u01b0\u01a1\u0300ng r\u00e2\u0301t i\u0301t \u0111\u01b0\u01a1\u0323c s\u01b0\u0309ng du\u0323ng trong nga\u0300nh c\u00f4ng nghi\u00ea\u0323p g\u00f4\u0303 \u01a1\u0309 n\u01b0\u01a1\u0301c ta cong ngh\u00ea\u0323 ta\u0301ch\u00a0<strong>nh\u01b0\u0323a g\u00f4\u0303 th\u00f4ng<\/strong>\u00a0kho\u0309 g\u00f4\u0303 ch\u01b0a cao n\u00ean \u0111a ph\u00e2\u0300n ca\u0301c\u00a0<strong>loa\u0323i g\u00f4\u0303 th\u00f4ng<\/strong>\u00a0\u0111\u01b0\u01a1\u0323c s\u01b0\u0309 du\u0323ng \u0111\u00ea\u0309u nh\u00e2\u0323p kh\u00e2\u0309u t\u01b0\u0300 n\u01b0\u01a1\u0301c nga\u0300i v\u00ea\u0300.<\/p>\n<p><strong>G\u00f4\u0303 th\u00f4ng la\u0300 m\u00f4\u0323t loa\u0323i g\u00f4\u0303 co\u0301 v\u00e2n \u0111e\u0323p<\/strong>\u00a0nh\u01b0ng kha\u0301 nhi\u00ea\u0300u m\u0103\u0301t nh\u01b0ng \u0111a ph\u00e2\u0300n la\u0300 m\u0103\u0301t s\u00f4\u0301ng(co\u0301 m\u00f4\u0323t s\u00f4\u0301 m\u0103\u0301t bi\u0323 \u0111en va\u0300 bong ra ta\u0323o tha\u0300nh l\u00f4\u0303 tr\u00ean th\u00e2n g\u00f4\u0303 go\u0323i la\u0300 m\u0103\u0301t ch\u00ea\u0301t. ) ca\u0301c sa\u0309n ph\u00e2\u0309m la\u0300 t\u01b0\u0300 g\u00f4\u0303 th\u00f4ng th\u01b0\u01a1\u0300ng \u0111\u01b0\u01a1\u0323c \u01b0a chu\u00f4\u0323ng b\u01a1\u0309i ma\u0300u s\u0103\u0301c l\u00ean \u0111e\u0323p nh\u01b0\u0303ng \u0111\u01b0\u01a1\u0300ng v\u00e2n g\u00f4\u0303 \u0111e\u0323p m\u0103\u0301t sau khi \u0111\u01b0\u01a1\u0323c \u0111a\u0301nh bo\u0301ng.<\/p>\n<p><img decoding=\"async\" class=\"aligncenter\" src=\"https:\/\/i0.wp.com\/tanviendeco.vn\/wp-content\/uploads\/2017\/07\/spruce-log-and-lumber-boards-timber-for-sale-3251.png?w=1060\" alt=\"K\u1ebft qu\u1ea3 h\u00ecnh \u1ea3nh cho g\u1ed7 th\u00f4ng tr\u00f2n\" data-recalc-dims=\"1\" \/><\/p>\n<p>&nbsp;<\/p>\n<h3>G\u1ed7 th\u00f4ng nh\u1eadp kh\u1ea9u t\u1eeb Nga M\u1ef9.<\/h3>\n<h2>Gi\u00e1 g\u1ed7 th\u00f4ng tr\u00ean th\u1ecb tr\u01b0\u1eddng.<\/h2>\n<p>Tr\u00ean thi\u0323 tr\u01b0\u01a1\u0300ng g\u00f4\u0303 nguy\u00ean li\u00ea\u0323u thi\u0300 g\u00f4\u0303 th\u00f4ng chi\u00ea\u0301m khoa\u0309ng 30% va\u0300 gia\u0301 tha\u0300nh cu\u0309a loa\u0323i g\u00f4\u0303 na\u0300y cu\u0303ng kh\u00f4ng qua\u0301 cao. \u0110\u01b0\u01a1\u0323c chia la\u0300m nhi\u00ea\u0300u loa\u0323i kha\u0301c nhau v\u01a1\u0301i nhi\u00ea\u0300u m\u01b0\u0301c gia\u0301 kha\u0301c nhau nh\u01b0ng ph\u00f4\u0309 bi\u00ea\u0301n nh\u00e2\u0301t v\u00e2\u0303n la\u0300\u00a0<strong>loa\u0323i g\u00f4\u0303 th\u00f4ng<\/strong>\u00a0\u0111a\u0303 \u0111\u01b0\u01a1\u0323c se\u0309 theo quy ca\u0301ch (chi\u00ea\u0300u da\u0300y, chi\u00ea\u0300u da\u0300i, chi\u00ea\u0300u r\u00f4\u0323ng) nh\u00e2\u0301t \u0111i\u0323nh, \u0111a\u0303 qua s\u00e2\u0301y kh\u00f4 b\u0103\u0300ng ma\u0301y ho\u0103\u0323c \u0111\u00ea\u0309 kh\u00f4 t\u01b0\u0323 nhi\u00ean.<\/p>\n","protected":false},"excerpt":{"rendered":"<p>G\u00f4\u0303 th\u00f4ng\u00a0hi\u00ea\u0323n nay la\u0300 m\u00f4\u0323t trong nh\u01b0\u0303ng loa\u0323i g\u00f4\u0303 \u0111\u01b0\u01a1\u0323c s\u01b0\u0309 du\u0323ng kha\u0301 ph\u00f4\u0309 bi\u00ea\u0301n trong nga\u0300nh c\u00f4ng nghi\u00ea\u0323p ch\u00ea\u0301 bi\u00ea\u0301n g\u00f4\u0303. V\u01a1\u0301i nh\u01b0\u0303ng \u0111\u0103\u0323c ti\u0301nh th\u00f4ng du\u0323ng cu\u0309a m\u00f4\u0323t loa\u0323i g\u00f4\u0303 t\u00f4\u0301t thi\u0300\u00a0g\u00f4\u0303 th\u00f4ng\u00a0\u0111ang d\u00e2\u0300n co\u0301 m\u00f4\u0323t thi\u0323 tr\u01b0\u01a1\u0300ng kha\u0301 pha\u0301t tri\u00ea\u0309n.\u00a0La\u0300 m\u00f4\u0323t loa\u0323i c\u00e2y th\u00e2n g\u00f4\u0303 mo\u0323c th\u0103\u0309ng \u0111\u01b0\u0301ng, da\u0323i di\u00ea\u0323n cho vu\u0300ng \u0111\u00e2\u0301t \u00f4n \u0111\u01a1\u0301i, th\u00e2n\u00a0g\u00f4\u0303 th\u00f4ng to tro\u0300n\u00a0\u0111\u00ea\u0300u r\u00e2\u0301t thu\u00e2\u0323n ti\u00ea\u0323n cho vi\u00ea\u0323c c\u01b0a xe\u0309 va\u0300 \u0111\u01b0\u01a1\u0323c s\u01b0\u0309 du\u0323ng nhi\u00ea\u0300u trong vi\u00ea\u0323c sa\u0309n xu\u00e2\u0301t ca\u0301c lo\u0323a \u0111\u00f4\u0300 gia du\u0323ng t\u01b0\u0300 g\u00f4\u0303. G\u1ed7 th\u00f4ng tr\u00f2n\u00a0nguy\u00ean li\u1ec7u Nh\u1eefng \u01b0u \u0111i\u1ec3m c\u1ee7a g\u1ed7 th\u00f4ng. Ca\u0301c v\u00e2\u0323t du\u0323ng \u0111\u01b0\u01a1\u0323c la\u0300m <\/p>\n","protected":false},"featured_media":551,"comment_status":"open","ping_status":"closed","template":"","meta":[],"_links":{"self":[{"href":"\/index.php?rest_route=\/wp\/v2\/product\/589"}],"collection":[{"href":"\/index.php?rest_route=\/wp\/v2\/product"}],"about":[{"href":"\/index.php?rest_route=\/wp\/v2\/types\/product"}],"replies":[{"embeddable":true,"href":"\/index.php?rest_route=%2Fwp%2Fv2%2Fcomments&post=589"}],"wp:featuredmedia":[{"embeddable":true,"href":"\/index.php?rest_route=\/wp\/v2\/media\/551"}],"wp:attachment":[{"href":"\/index.php?rest_route=%2Fwp%2Fv2%2Fmedia&parent=589"}],"curies":[{"name":"wp","href":"https:\/\/api.w.org\/{rel}","templated":true}]}}