  {"id":590,"date":"2017-12-27T14:17:35","date_gmt":"2017-12-27T07:17:35","guid":{"rendered":"http:\/\/localhost\/vietmywood\/?post_type=product&#038;p=590"},"modified":"2018-03-11T00:32:39","modified_gmt":"2018-03-10T17:32:39","slug":"go-gia-ty-teak","status":"publish","type":"product","link":"\/?product=go-gia-ty-teak","title":{"rendered":"G\u1ed7 Gi\u00e1 T\u1ef5 (Teak)"},"content":{"rendered":"<p><strong>G\u1ed7 gi\u00e1 t\u1ef5(G\u1ed7 Teak) \u0111\u01b0\u1ee3c s\u1eed d\u1ee5ng trong ch\u1ebf bi\u1ebfn v\u1eadt li\u1ec7u trong c\u00e1c ng\u00e0nh x\u00e2y d\u1ef1ng t\u1eeb r\u1ea5t l\u00e2u h\u01a1n 150 n\u0103m qua. G\u1ed7 Teak c\u00f3 m\u00e0u v\u00e0ng h\u01a1i s\u1eabm, G\u1ed7 Teak (g\u1ed7 gi\u00e1 t\u1ef5) \u0111\u01b0\u1ee3c nh\u1eadn di\u1ec7n th\u01b0\u1eddng c\u00f3 v\u00e2n g\u1ed7 r\u1ea5t \u0111\u1eb9p, v\u1edbi k\u1ebft c\u1ea5u r\u1ea5t t\u1ed1t, th\u1edb g\u1ed7 kh\u00e1 to nh\u01b0ng h\u01a1i m\u1ecbn, kh\u00f4ng b\u1ecb cong v\u00eanh v\u00e0 n\u1ee9t n\u1ebb, ho\u00e0n to\u00e0n kh\u00f4ng b\u1ecb \u1ea3nh h\u01b0\u1edfng b\u1edbi m\u1ed1i m\u1ecdt.<\/strong><\/p>\n<p><img decoding=\"async\" class=\"aligncenter\" src=\"https:\/\/i0.wp.com\/giago.vn\/kcfinder\/upload\/images\/go-teak-nhap-khau.jpg?w=1060\" alt=\"go-teak-nhap-khau\" data-recalc-dims=\"1\" \/><\/p>\n<div class=\"description\">\n<p><a href=\"http:\/\/cungcapgo.com\/go-gia-ty-go-teak\/\" target=\"_blank\" rel=\"noopener\"><strong>G\u1ed7 Teak\u00a0(G\u1ed7 gi\u00e1 t\u1ef5)<\/strong><\/a>\u00a0c\u00f3 t\u00ean khoa h\u1ecdc kh\u00e1c l\u00e0 Tectona grandis. V\u00e0o nh\u1eefng ng\u00e0y \u0111\u1ea7u ti\u00ean khi \u0111\u1eb7t ch\u00e2n v\u00e0o th\u1ecb tr\u01b0\u1eddng Vi\u1ec7t Nam, g\u1ed7 Teak \u0111\u01b0\u1ee3c ng\u01b0\u1eddi n\u00f4ng tr\u1ed3ng th\u01b0\u1eddng g\u1ecdi v\u1edbi \u00a0t\u00ean kh\u00e1c theo \u00e2m ti\u1ebfng Ph\u00e1p l\u00e0 \u201cteck\u201d. Th\u1eddi gian sau \u0111\u00f3, c\u00e0ng d\u1ea7n d\u1ea7n v\u1ec1 sau n\u00f3 \u0111\u01b0\u1ee3c th\u00eam t\u00ean l\u00e0 gi\u00e1 t\u1ef5 v\u00e0 b\u00e1ng s\u00fang.<\/p>\n<p>&nbsp;<\/p>\n<p>C\u00e2y Teak l\u00e0 c\u00e2y d\u1ea1ng r\u1ee5ng l\u00e1, g\u1ed1c c\u00e2y th\u01b0\u1eddng th\u00ec c\u00f3 r\u00e3nh v\u00e0 c\u00f3 c\u00e1c b\u1ea1nh. Chi\u1ec1u cao h\u01a1n 30 m, v\u1edbi \u0111\u01b0\u1eddng k\u00ednh th\u00e2n g\u1ed7 t\u1eeb 60\u201380 cm. V\u1ecf c\u00e2y b\u00ean ngo\u00e0i khi tr\u01b0\u1edfng th\u00e0nh th\u01b0\u1eddng c\u00f3 m\u00e0u x\u00e1m v\u00e0ng, v\u00f5 b\u1ecb n\u1ee9t ph\u00eda d\u1ecdc th\u00e0nh v\u1ea3y nh\u1ecf, d\u00e0i v\u00e0 h\u01a1i h\u1eb9p, ri\u00eang v\u1edbi th\u1ecbt v\u1ecf c\u00e2y c\u00f3 x\u01a1.<\/p>\n<p><img decoding=\"async\" loading=\"lazy\" class=\"aligncenter wp-image-3954\" src=\"https:\/\/i1.wp.com\/cungcapgo.com\/wp-content\/uploads\/2016\/06\/go-teak-gia-ty-thuoc-nhom-may.jpg?resize=600%2C450\" sizes=\"(max-width: 600px) 100vw, 600px\" srcset=\"https:\/\/i1.wp.com\/cungcapgo.com\/wp-content\/uploads\/2016\/06\/go-teak-gia-ty-thuoc-nhom-may.jpg?resize=600%2C450 800w, http:\/\/cungcapgo.com\/wp-content\/uploads\/2016\/06\/go-teak-gia-ty-thuoc-nhom-may-300x225.jpg 300w, http:\/\/cungcapgo.com\/wp-content\/uploads\/2016\/06\/go-teak-gia-ty-thuoc-nhom-may-169x127.jpg 169w, http:\/\/cungcapgo.com\/wp-content\/uploads\/2016\/06\/go-teak-gia-ty-thuoc-nhom-may-350x263.jpg 350w, http:\/\/cungcapgo.com\/wp-content\/uploads\/2016\/06\/go-teak-gia-ty-thuoc-nhom-may-595x446.jpg 595w, http:\/\/cungcapgo.com\/wp-content\/uploads\/2016\/06\/go-teak-gia-ty-thuoc-nhom-may-680x510.jpg 680w, http:\/\/cungcapgo.com\/wp-content\/uploads\/2016\/06\/go-teak-gia-ty-thuoc-nhom-may-700x525.jpg 700w, http:\/\/cungcapgo.com\/wp-content\/uploads\/2016\/06\/go-teak-gia-ty-thuoc-nhom-may-220x165.jpg 220w, http:\/\/cungcapgo.com\/wp-content\/uploads\/2016\/06\/go-teak-gia-ty-thuoc-nhom-may-140x105.jpg 140w\" alt=\"go-teak-gia-ty-thuoc-nhom-may\" width=\"600\" height=\"450\" data-recalc-dims=\"1\" \/><\/p>\n<p>Nh\u00e1nh c\u00e2y non ph\u1ee7 l\u00f4ng c\u00f3 d\u1ea1ng h\u00ecnh sao, m\u00e0u gi\u1ed1ng nh\u01b0 g\u1ec9 s\u1eaft. L\u00e1 c\u00e2y h\u00ecnh d\u1ea1ng tr\u00e1i xoan, h\u00ecnh tr\u1ee9ng ng\u01b0\u1ee3c ho\u1eb7c c\u00f3 th\u1ec3 l\u00e0 g\u1ea7n gi\u1ed1ng h\u00ecnh tr\u00f2n. C\u1ee5m hoa t\u01b0\u01a1ng \u0111\u1ed1i l\u1edbn h\u00ecnh ch\u00f9y, g\u1ed3m v\u1edbi nh\u1eefng xim d\u1ea1ng 3 nh\u00e1nh, m\u1ecdc \u0111\u1ed1i x\u1ee9ng nhau.<\/p>\n<p>&nbsp;<\/p>\n<p>G\u1ed7 Teak (<strong><a href=\"http:\/\/cungcapgo.com\/go-gia-ty-go-teak\/\" target=\"_blank\" rel=\"noopener\">G\u1ed7 gi\u00e1 t\u1ef5<\/a><\/strong>) c\u00f3 m\u00e0u v\u00e0ng s\u1eabm, hay m\u00e0u x\u00e1m h\u01a1i n\u00e2u n\u00e2u. V\u00f2ng n\u0103m c\u1ee7a c\u00e2y g\u1ed7 teak r\u1ec5 nh\u1eadn, g\u1ed7 mu\u1ed9n m\u1ea1ch h\u01a1i th\u01b0a, nh\u1ecf h\u01a1n g\u1ed7 s\u1edbm. Tia nh\u1ecf, m\u1eadt \u0111\u1ed9 th\u01b0a. G\u1ed7 n\u1eb7ng trung b\u00ecnh, t\u1ef7 tr\u1ecdng 0,7. L\u1ef1c k\u00e9o ngang th\u1edb 32 kg\/cm\u00b2, l\u1ef1c n\u00e9n d\u1ecdc th\u1edb 471 kg\/cm\u00b2, o\u1eb1n 1.253 kg\/cm\u00b2.<\/p>\n<\/div>\n","protected":false},"excerpt":{"rendered":"<p>G\u1ed7 gi\u00e1 t\u1ef5(G\u1ed7 Teak) \u0111\u01b0\u1ee3c s\u1eed d\u1ee5ng trong ch\u1ebf bi\u1ebfn v\u1eadt li\u1ec7u trong c\u00e1c ng\u00e0nh x\u00e2y d\u1ef1ng t\u1eeb r\u1ea5t l\u00e2u h\u01a1n 150 n\u0103m qua. G\u1ed7 Teak c\u00f3 m\u00e0u v\u00e0ng h\u01a1i s\u1eabm, G\u1ed7 Teak (g\u1ed7 gi\u00e1 t\u1ef5) \u0111\u01b0\u1ee3c nh\u1eadn di\u1ec7n th\u01b0\u1eddng c\u00f3 v\u00e2n g\u1ed7 r\u1ea5t \u0111\u1eb9p, v\u1edbi k\u1ebft c\u1ea5u r\u1ea5t t\u1ed1t, th\u1edb g\u1ed7 kh\u00e1 to nh\u01b0ng h\u01a1i m\u1ecbn, kh\u00f4ng b\u1ecb cong v\u00eanh v\u00e0 n\u1ee9t n\u1ebb, ho\u00e0n to\u00e0n kh\u00f4ng b\u1ecb \u1ea3nh h\u01b0\u1edfng b\u1edbi m\u1ed1i m\u1ecdt. G\u1ed7 Teak\u00a0(G\u1ed7 gi\u00e1 t\u1ef5)\u00a0c\u00f3 t\u00ean khoa h\u1ecdc kh\u00e1c l\u00e0 Tectona grandis. V\u00e0o nh\u1eefng ng\u00e0y \u0111\u1ea7u ti\u00ean khi \u0111\u1eb7t ch\u00e2n v\u00e0o th\u1ecb tr\u01b0\u1eddng Vi\u1ec7t Nam, g\u1ed7 Teak \u0111\u01b0\u1ee3c <\/p>\n","protected":false},"featured_media":910,"comment_status":"open","ping_status":"closed","template":"","meta":[],"_links":{"self":[{"href":"\/index.php?rest_route=\/wp\/v2\/product\/590"}],"collection":[{"href":"\/index.php?rest_route=\/wp\/v2\/product"}],"about":[{"href":"\/index.php?rest_route=\/wp\/v2\/types\/product"}],"replies":[{"embeddable":true,"href":"\/index.php?rest_route=%2Fwp%2Fv2%2Fcomments&post=590"}],"wp:featuredmedia":[{"embeddable":true,"href":"\/index.php?rest_route=\/wp\/v2\/media\/910"}],"wp:attachment":[{"href":"\/index.php?rest_route=%2Fwp%2Fv2%2Fmedia&parent=590"}],"curies":[{"name":"wp","href":"https:\/\/api.w.org\/{rel}","templated":true}]}}