  {"id":597,"date":"2017-12-27T14:25:44","date_gmt":"2017-12-27T07:25:44","guid":{"rendered":"http:\/\/localhost\/vietmywood\/?post_type=product&#038;p=597"},"modified":"2018-10-02T22:09:21","modified_gmt":"2018-10-02T15:09:21","slug":"go-thich-cung-xe-hard-maple","status":"publish","type":"product","link":"\/?product=go-thich-cung-xe-hard-maple","title":{"rendered":"G\u1ed7 th\u00edch c\u1ee9ng x\u1ebb (Hard maple)"},"content":{"rendered":"<p align=\"center\"><span data-mce-mark=\"1\"><strong>G\u1ed7 Th\u00edch C\u1ee9ng (G\u1ed7 Hard Maple) x\u1ebb s\u1ea5y nh\u1eadp kh\u1ea9u<\/strong><\/span><\/p>\n<p><span data-mce-mark=\"1\">G\u1ed7 Th\u00edch c\u1ee9ng Hoa K\u1ef3 (American hard maple, Sugar maple, Black maple) c\u00f3 t\u00ean khoa h\u1ecdc l\u00e0 Acer saccharum ho\u1eb7c A.nigrum, t\u1eadp trung \u1edf ph\u00eda \u0110\u00f4ng hoa k\u1ef3, ch\u1ee7 y\u1ebfu l\u00e0 c\u00e1c bang v\u00f9ng Trung \u0110\u1ea1i T\u00e2y D\u01b0\u01a1ng v\u00e0 \u0110\u1ea1i h\u1ed3. \u0110\u00e2y l\u00e0 lo\u1ea1i c\u00e2y \u01b0a l\u1ea1nh, th\u00edch h\u1ee3p v\u1edbi kh\u00ed h\u1eadu ph\u01b0\u01a1ng B\u1eafc.<\/span><\/p>\n<p align=\"center\"><img decoding=\"async\" loading=\"lazy\" src=\"https:\/\/i0.wp.com\/www.goxenhapkhau.com.vn\/contents_oc-or\/uploads\/images\/hard_maple\/hard_maple_10.jpg?resize=800%2C231\" alt=\"\" width=\"800\" height=\"231\" data-recalc-dims=\"1\" \/><\/p>\n<p align=\"center\"><span data-mce-mark=\"1\">D\u00e1t g\u1ed7 m\u00e0u tr\u1eafng kem ph\u1edbt n\u00e2u \u0111\u1ecf nh\u1ea1t. m\u00e0u t\u00e2m g\u1ed7 thay \u0111\u1ed5i t\u1eeb \u0111\u1ecf nh\u1ea1t \u0111\u1ebfn s\u1eadm. L\u01b0\u1ee3ng g\u1ed7 c\u00f3 t\u00e2m m\u00e0u n\u00e2u s\u1eadm h\u01a1n thay \u0111\u1ed5i t\u00f9y theo v\u00f9ng tr\u1ed3ng g\u1ed7. c\u1ea3 d\u00e1t v\u00e0 t\u00e2m g\u1ed7 \u0111\u1ec1u c\u00f3 th\u1ec3 c\u00f3 c\u00e1c v\u1ebft \u0111\u1ed1m. M\u1eb7t g\u1ed7 \u0111\u1eb9p, kh\u00edt. Nh\u00ecn chung v\u00e2n g\u1ed7 th\u1eb3ng nh\u01b0ng c\u00f3 th\u1ec3 d\u1ee3n s\u00f3ng, u\u1ed1n xo\u1eafn v\u00e0 xu\u1ea5t hi\u1ec7n c\u00e1c m\u1eaft ch\u1ebft tr\u00ean m\u1eb7t g\u1ed7.<\/span><\/p>\n<p align=\"center\"><span data-mce-mark=\"1\"><strong><img decoding=\"async\" loading=\"lazy\" src=\"https:\/\/i2.wp.com\/www.goxenhapkhau.com.vn\/contents_oc-or\/uploads\/images\/hard_maple\/hard_maple_15.jpg?resize=800%2C600\" alt=\"\" width=\"800\" height=\"600\" data-recalc-dims=\"1\" \/><\/strong><\/span><\/p>\n<p align=\"center\"><span data-mce-mark=\"1\"><strong><img decoding=\"async\" loading=\"lazy\" src=\"https:\/\/i1.wp.com\/www.goxenhapkhau.com.vn\/contents_oc-or\/uploads\/images\/hard_maple\/hard_maple_13.jpg?resize=800%2C646\" alt=\"\" width=\"800\" height=\"646\" data-recalc-dims=\"1\" \/><\/strong><\/span><\/p>\n<p align=\"center\"><span data-mce-mark=\"1\"><strong>\u0110\u1eb7c t\u00ednh \u1ee9ng d\u1ee5ng &amp; v\u1eadt l\u00fd<\/strong><\/span><\/p>\n<p><span data-mce-mark=\"1\">G\u1ed7 kh\u00f4 ch\u1eadm, \u0111\u1ed9 co r\u00fat khi s\u1ea5y kh\u00f4 l\u1edbn n\u00ean d\u1ec5 bi\u1ebfn d\u1ea1ng khi kh\u00f4. N\u00ean khoan g\u1ed7 tr\u01b0\u1edbc khi \u0111\u00f3ng \u0111inh v\u00e0 \u1ed1c v\u00edt. N\u1ebfu ng\u01b0\u1eddi thao t\u00e1c c\u1ea9n th\u1eadn, g\u1ed7 ch\u1ecbu m\u00e1y t\u1ed1t, d\u1ec5 ti\u1ec7n, \u0111\u1ed9 d\u00ednh keo kh\u00e1, c\u00f3 th\u1ec3 nhu\u1ed9m m\u00e0u v\u00e0 \u0111\u00e1nh b\u00f3ng \u0111\u1ec3 th\u00e0nh th\u00e0nh ph\u1ea9m r\u1ea5t t\u1ed1t.<\/span><\/p>\n<p align=\"center\"><img decoding=\"async\" loading=\"lazy\" src=\"https:\/\/i2.wp.com\/www.goxenhapkhau.com.vn\/contents_oc-or\/uploads\/images\/hard_maple\/hard_maple_11.jpg?resize=458%2C626\" alt=\"\" width=\"458\" height=\"626\" data-recalc-dims=\"1\" \/><\/p>\n<p align=\"center\"><span data-mce-mark=\"1\">G\u1ed7 c\u1ee9ng v\u00e0 n\u1eb7ng, \u0111\u1ed9 ch\u1ecbu l\u1ef1c t\u1ed1t, \u0111\u1eb7c bi\u1ec7t kh\u1ea3 n\u0103ng kh\u00e1ng ma s\u00e1t v\u00e0 kh\u00e1ng m\u00e0i m\u00f2n cao. G\u1ed7 d\u1ec5 u\u1ed1n cong b\u1eb1ng h\u01a1i n\u01b0\u1edbc.<\/span><\/p>\n<p><span data-mce-mark=\"1\"><strong>\u0110\u1ed9 b\u1ec1n<\/strong><\/span><\/p>\n<p><span data-mce-mark=\"1\">Kh\u00f4ng c\u00f3 ho\u1eb7c \u00edt c\u00f3 kh\u1ea3 n\u0103ng kh\u00e1ng s\u00e2u \u1edf t\u00e2m g\u1ed7. D\u00e1t g\u1ed7 d\u1ec5 b\u1ecb c\u00e1c lo\u1ea1i m\u1ecdt t\u1ea5n c\u00f4ng. T\u00e2m g\u1ed7 kh\u00f4ng th\u1ea5m ch\u1ea5t b\u1ea3o qu\u1ea3n nh\u01b0ng d\u00e1t g\u1ed7 c\u00f3 th\u1ec3 th\u1ea5m ch\u1ea5t n\u00e0y.<\/span><\/p>\n<p align=\"center\"><img decoding=\"async\" loading=\"lazy\" src=\"https:\/\/i1.wp.com\/www.goxenhapkhau.com.vn\/contents_oc-or\/uploads\/images\/hard_maple\/hard_maple_12.jpg?resize=800%2C344\" alt=\"\" width=\"800\" height=\"344\" data-recalc-dims=\"1\" \/><\/p>\n<p align=\"center\"><span data-mce-mark=\"1\"><strong>Tr\u1eef l\u01b0\u1ee3ng s\u1eb5n c\u00f3<\/strong><\/span><\/p>\n<p><span data-mce-mark=\"1\">Hoa K\u1ef3: c\u00f3 s\u1eb5n tr\u00ean quy m\u00f4 r\u1ed9ng.<\/span><\/p>\n<p><span data-mce-mark=\"1\"><strong><img decoding=\"async\" loading=\"lazy\" src=\"https:\/\/i0.wp.com\/www.goxenhapkhau.com.vn\/contents_oc-or\/uploads\/images\/hard_maple\/hard_maple_9.jpg?resize=800%2C1026\" alt=\"\" width=\"800\" height=\"1026\" data-recalc-dims=\"1\" \/><\/strong><\/span><\/p>\n<p><span data-mce-mark=\"1\"><strong>Xu\u1ea5t kh\u1ea9u<\/strong><\/span><\/p>\n<p><span data-mce-mark=\"1\">C\u00f3 s\u1eb5n tr\u00ean quy m\u00f4 r\u1ed9ng d\u01b0\u1edbi d\u1ea1ng g\u1ed7 ph\u00e1ch v\u00e0 g\u1ed7 trang tr\u00ed (g\u1ed7 v\u01a1ni). G\u1ed7 ph\u00e1ch c\u00f3 ch\u1ea5t l\u01b0\u1ee3ng cao h\u01a1n \u0111\u01b0\u1ee3c ch\u1ecdn xu\u1ea5t kh\u1ea9u theo m\u00e0u tr\u1eafng (d\u00e1t g\u1ed7), d\u00f9 r\u1eb1ng \u0111i\u1ec1u n\u00e0y l\u00e0m h\u1ea1n ch\u1ebf l\u01b0\u1ee3ng g\u1ed7 xu\u1ea5t \u0111i. G\u1ed7 th\u00edch c\u00f3 v\u1ebft (m\u1eaft ch\u1ebft, \u0111\u1ed1m d\u1ee3n s\u00f3ng v\u00e0 \u0111\u1ed1m cu\u1ed9n xo\u1eafn) ch\u1ec9 s\u1eb5n c\u00f3 trong th\u01b0\u01a1ng m\u1ea1i d\u01b0\u1edbi d\u1ea1ng g\u1ed7 ph\u1ee7 m\u1eb7t (v\u01a1ni).<\/span><\/p>\n<p align=\"center\"><span data-mce-mark=\"1\"><strong>C\u00f4ng d\u1ee5ng ch\u00ednh<\/strong><\/span><\/p>\n<p><span data-mce-mark=\"1\">V\u00e1n s\u00e0n, \u0111\u1ed3 g\u1ed7, v\u00e1n l\u00f3t, t\u1ee7 b\u1ebfp, m\u1eb7t b\u1ebfp v\u00e0 m\u1eb7t b\u00e0n, g\u1ed7 ch\u1ea1m n\u1ed9i th\u1ea5t: c\u1ea7u thang, th\u00e0nh c\u1ea7u thang, g\u1edd trang tr\u00ed v\u00e0 c\u1eeda c\u00e1i.<\/span><\/p>\n<p align=\"center\"><img decoding=\"async\" loading=\"lazy\" src=\"https:\/\/i2.wp.com\/www.goxenhapkhau.com.vn\/contents_oc-or\/uploads\/images\/hard_maple\/hard_maple_3.jpg?resize=800%2C405\" alt=\"\" width=\"800\" height=\"405\" data-recalc-dims=\"1\" \/><\/p>\n<p align=\"center\"><img decoding=\"async\" loading=\"lazy\" src=\"https:\/\/i0.wp.com\/www.goxenhapkhau.com.vn\/contents_oc-or\/uploads\/images\/hard_maple\/hard_maple_7.jpg?resize=800%2C762\" alt=\"\" width=\"800\" height=\"762\" data-recalc-dims=\"1\" \/><\/p>\n<p align=\"center\"><span data-mce-mark=\"1\"><strong>Nh\u1eefng th\u00f4ng tin kh\u00e1c<\/strong><\/span><\/p>\n<p><span data-mce-mark=\"1\">D\u00e1t g\u1ed7 c\u00f3 m\u00e0u nh\u1ea1t h\u01a1n s\u1ebd s\u1eadm m\u00e0u theo th\u1eddi gian khi ti\u1ebfp x\u00fac v\u1edbi \u00e1nh s\u00e1ng UV. Ph\u00e1ch g\u1ed7 Th\u00edch c\u1ee9ng th\u01b0\u1eddng \u0111\u01b0\u1ee3c ph\u00e2n lo\u1ea1i theo m\u00e0u tr\u1eafng (d\u00e1t g\u1ed7), theo \u0111\u00f3 quy t\u1eafc x\u1ebfp h\u1ea1ng c\u1ee7a NHLA x\u00e1c \u0111\u1ecbnh l\u00e0 Th\u00edch tr\u1eafng hay Th\u00edch nh\u01b0\u1ea1<\/span><\/p>\n<p><img decoding=\"async\" loading=\"lazy\" src=\"https:\/\/i2.wp.com\/www.goxenhapkhau.com.vn\/contents_oc-or\/uploads\/images\/hard_maple\/hard_maple_2.jpg?resize=800%2C1040\" alt=\"\" width=\"800\" height=\"1040\" data-recalc-dims=\"1\" \/><\/p>\n","protected":false},"excerpt":{"rendered":"<p>G\u1ed7 Th\u00edch C\u1ee9ng (G\u1ed7 Hard Maple) x\u1ebb s\u1ea5y nh\u1eadp kh\u1ea9u G\u1ed7 Th\u00edch c\u1ee9ng Hoa K\u1ef3 (American hard maple, Sugar maple, Black maple) c\u00f3 t\u00ean khoa h\u1ecdc l\u00e0 Acer saccharum ho\u1eb7c A.nigrum, t\u1eadp trung \u1edf ph\u00eda \u0110\u00f4ng hoa k\u1ef3, ch\u1ee7 y\u1ebfu l\u00e0 c\u00e1c bang v\u00f9ng Trung \u0110\u1ea1i T\u00e2y D\u01b0\u01a1ng v\u00e0 \u0110\u1ea1i h\u1ed3. \u0110\u00e2y l\u00e0 lo\u1ea1i c\u00e2y \u01b0a l\u1ea1nh, th\u00edch h\u1ee3p v\u1edbi kh\u00ed h\u1eadu ph\u01b0\u01a1ng B\u1eafc. D\u00e1t g\u1ed7 m\u00e0u tr\u1eafng kem ph\u1edbt n\u00e2u \u0111\u1ecf nh\u1ea1t. m\u00e0u t\u00e2m g\u1ed7 thay \u0111\u1ed5i t\u1eeb \u0111\u1ecf nh\u1ea1t \u0111\u1ebfn s\u1eadm. L\u01b0\u1ee3ng g\u1ed7 c\u00f3 t\u00e2m m\u00e0u n\u00e2u s\u1eadm h\u01a1n thay \u0111\u1ed5i t\u00f9y theo v\u00f9ng tr\u1ed3ng g\u1ed7. c\u1ea3 d\u00e1t <\/p>\n","protected":false},"featured_media":863,"comment_status":"open","ping_status":"closed","template":"","meta":[],"_links":{"self":[{"href":"\/index.php?rest_route=\/wp\/v2\/product\/597"}],"collection":[{"href":"\/index.php?rest_route=\/wp\/v2\/product"}],"about":[{"href":"\/index.php?rest_route=\/wp\/v2\/types\/product"}],"replies":[{"embeddable":true,"href":"\/index.php?rest_route=%2Fwp%2Fv2%2Fcomments&post=597"}],"wp:featuredmedia":[{"embeddable":true,"href":"\/index.php?rest_route=\/wp\/v2\/media\/863"}],"wp:attachment":[{"href":"\/index.php?rest_route=%2Fwp%2Fv2%2Fmedia&parent=597"}],"curies":[{"name":"wp","href":"https:\/\/api.w.org\/{rel}","templated":true}]}}